{"id":26,"date":"2014-06-13T10:11:48","date_gmt":"2014-06-13T09:11:48","guid":{"rendered":"http:\/\/www.atoursdumonde.com\/katali\/?page_id=26"},"modified":"2017-02-06T12:25:46","modified_gmt":"2017-02-06T03:25:46","slug":"le-bateau","status":"publish","type":"page","link":"http:\/\/www.atoursdumonde.com\/katali\/le-bateau\/","title":{"rendered":"Le bateau"},"content":{"rendered":"<p style=\"text-align: justify;\">Quand est n\u00e9 KATALI\u00a0? Le 15 Avril 2014, le jour de sa mise \u00e0 l&rsquo;eau ? En D\u00e9cembre 2010, la pose du premier gabarit\u00a0? En Mai 2010, lors de la premi\u00e8re visite de prise de contact avec le chantier\u00a0? En Mars 2010, lorsque nous avons vendu Hildi, notre premier bateau\u00a0? Ou plut\u00f4t en Juin 2005, lorsque nous avons visit\u00e9 \u00ab\u00a0Beijaflor\u00a0\u00bb, notre premier Looping, qui nous a sembl\u00e9 \u00e0 l\u2019\u00e9poque un bateau hors de notre port\u00e9e, mais qui d\u00e9j\u00e0 nous faisait r\u00eaver\u00a0?<\/p>\n<div id='gallery-1' class='gallery galleryid-26 gallery-columns-3 gallery-size-thumbnail'><figure class='gallery-item'>\n\t\t\t<div class='gallery-icon landscape'>\n\t\t\t\t<a href='http:\/\/www.atoursdumonde.com\/katali\/le-bateau\/vue-du-roof\/'><img width=\"150\" height=\"150\" src=\"http:\/\/www.atoursdumonde.com\/katali\/wp-content\/uploads\/2014\/06\/IMG_4033-150x150.jpg\" class=\"attachment-thumbnail size-thumbnail\" alt=\"\" decoding=\"async\" loading=\"lazy\" sizes=\"100vw\" \/><\/a>\n\t\t\t<\/div><\/figure><figure class='gallery-item'>\n\t\t\t<div class='gallery-icon landscape'>\n\t\t\t\t<a href='http:\/\/www.atoursdumonde.com\/katali\/le-bateau\/les-trampolines\/'><img width=\"150\" height=\"150\" src=\"http:\/\/www.atoursdumonde.com\/katali\/wp-content\/uploads\/2014\/06\/IMG_4032-150x150.jpg\" class=\"attachment-thumbnail size-thumbnail\" alt=\"\" decoding=\"async\" loading=\"lazy\" sizes=\"100vw\" \/><\/a>\n\t\t\t<\/div><\/figure><figure class='gallery-item'>\n\t\t\t<div class='gallery-icon landscape'>\n\t\t\t\t<a href='http:\/\/www.atoursdumonde.com\/katali\/le-bateau\/poste-de-barre\/'><img width=\"150\" height=\"150\" src=\"http:\/\/www.atoursdumonde.com\/katali\/wp-content\/uploads\/2014\/06\/IMG_4045-150x150.jpg\" class=\"attachment-thumbnail size-thumbnail\" alt=\"\" decoding=\"async\" loading=\"lazy\" sizes=\"100vw\" \/><\/a>\n\t\t\t<\/div><\/figure><figure class='gallery-item'>\n\t\t\t<div class='gallery-icon landscape'>\n\t\t\t\t<a href='http:\/\/www.atoursdumonde.com\/katali\/le-bateau\/vue-generale-du-cockpit\/'><img width=\"150\" height=\"150\" src=\"http:\/\/www.atoursdumonde.com\/katali\/wp-content\/uploads\/2014\/06\/IMG_4052-150x150.jpg\" class=\"attachment-thumbnail size-thumbnail\" alt=\"\" decoding=\"async\" loading=\"lazy\" sizes=\"100vw\" \/><\/a>\n\t\t\t<\/div><\/figure><figure class='gallery-item'>\n\t\t\t<div class='gallery-icon landscape'>\n\t\t\t\t<a href='http:\/\/www.atoursdumonde.com\/katali\/le-bateau\/cockpit-et-barbecue\/'><img width=\"150\" height=\"150\" src=\"http:\/\/www.atoursdumonde.com\/katali\/wp-content\/uploads\/2014\/06\/IMG_4042-150x150.jpg\" class=\"attachment-thumbnail size-thumbnail\" alt=\"\" decoding=\"async\" loading=\"lazy\" sizes=\"100vw\" \/><\/a>\n\t\t\t<\/div><\/figure><figure class='gallery-item'>\n\t\t\t<div class='gallery-icon landscape'>\n\t\t\t\t<a href='http:\/\/www.atoursdumonde.com\/katali\/le-bateau\/cockpit\/'><img width=\"150\" height=\"150\" src=\"http:\/\/www.atoursdumonde.com\/katali\/wp-content\/uploads\/2014\/06\/MG_3985-150x150.jpg\" class=\"attachment-thumbnail size-thumbnail\" alt=\"\" decoding=\"async\" loading=\"lazy\" sizes=\"100vw\" \/><\/a>\n\t\t\t<\/div><\/figure><figure class='gallery-item'>\n\t\t\t<div class='gallery-icon landscape'>\n\t\t\t\t<a href='http:\/\/www.atoursdumonde.com\/katali\/le-bateau\/le-carre-grande-table\/'><img width=\"150\" height=\"150\" src=\"http:\/\/www.atoursdumonde.com\/katali\/wp-content\/uploads\/2014\/06\/IMG_4018-150x150.jpg\" class=\"attachment-thumbnail size-thumbnail\" alt=\"\" decoding=\"async\" loading=\"lazy\" sizes=\"100vw\" \/><\/a>\n\t\t\t<\/div><\/figure><figure class='gallery-item'>\n\t\t\t<div class='gallery-icon landscape'>\n\t\t\t\t<a href='http:\/\/www.atoursdumonde.com\/katali\/le-bateau\/vue-du-carre\/'><img width=\"150\" height=\"150\" src=\"http:\/\/www.atoursdumonde.com\/katali\/wp-content\/uploads\/2014\/06\/IMG_4027-150x150.jpg\" class=\"attachment-thumbnail size-thumbnail\" alt=\"\" decoding=\"async\" loading=\"lazy\" sizes=\"100vw\" \/><\/a>\n\t\t\t<\/div><\/figure><figure class='gallery-item'>\n\t\t\t<div class='gallery-icon landscape'>\n\t\t\t\t<a href='http:\/\/www.atoursdumonde.com\/katali\/le-bateau\/le-carre-petite-table\/'><img width=\"150\" height=\"150\" src=\"http:\/\/www.atoursdumonde.com\/katali\/wp-content\/uploads\/2014\/06\/IMG_4028-150x150.jpg\" class=\"attachment-thumbnail size-thumbnail\" alt=\"\" decoding=\"async\" loading=\"lazy\" sizes=\"100vw\" \/><\/a>\n\t\t\t<\/div><\/figure><figure class='gallery-item'>\n\t\t\t<div class='gallery-icon landscape'>\n\t\t\t\t<a href='http:\/\/www.atoursdumonde.com\/katali\/le-bateau\/la-table-a-cartes\/'><img width=\"150\" height=\"150\" src=\"http:\/\/www.atoursdumonde.com\/katali\/wp-content\/uploads\/2014\/06\/IMG_4036-150x150.jpg\" class=\"attachment-thumbnail size-thumbnail\" alt=\"\" decoding=\"async\" loading=\"lazy\" sizes=\"100vw\" \/><\/a>\n\t\t\t<\/div><\/figure><figure class='gallery-item'>\n\t\t\t<div class='gallery-icon portrait'>\n\t\t\t\t<a href='http:\/\/www.atoursdumonde.com\/katali\/le-bateau\/cabine-avant\/'><img width=\"150\" height=\"150\" src=\"http:\/\/www.atoursdumonde.com\/katali\/wp-content\/uploads\/2014\/06\/IMG_4004-150x150.jpg\" class=\"attachment-thumbnail size-thumbnail\" alt=\"\" decoding=\"async\" loading=\"lazy\" sizes=\"100vw\" \/><\/a>\n\t\t\t<\/div><\/figure><figure class='gallery-item'>\n\t\t\t<div class='gallery-icon portrait'>\n\t\t\t\t<a href='http:\/\/www.atoursdumonde.com\/katali\/le-bateau\/coursive-tribord\/'><img width=\"150\" height=\"150\" src=\"http:\/\/www.atoursdumonde.com\/katali\/wp-content\/uploads\/2014\/06\/IMG_4005-150x150.jpg\" class=\"attachment-thumbnail size-thumbnail\" alt=\"\" decoding=\"async\" loading=\"lazy\" sizes=\"100vw\" \/><\/a>\n\t\t\t<\/div><\/figure><figure class='gallery-item'>\n\t\t\t<div class='gallery-icon portrait'>\n\t\t\t\t<a href='http:\/\/www.atoursdumonde.com\/katali\/le-bateau\/salle-de-bains\/'><img width=\"150\" height=\"150\" src=\"http:\/\/www.atoursdumonde.com\/katali\/wp-content\/uploads\/2014\/06\/IMG_4003-150x150.jpg\" class=\"attachment-thumbnail size-thumbnail\" alt=\"\" decoding=\"async\" loading=\"lazy\" sizes=\"100vw\" \/><\/a>\n\t\t\t<\/div><\/figure><figure class='gallery-item'>\n\t\t\t<div class='gallery-icon landscape'>\n\t\t\t\t<a href='http:\/\/www.atoursdumonde.com\/katali\/le-bateau\/vue-generale-du-carre\/'><img width=\"150\" height=\"150\" src=\"http:\/\/www.atoursdumonde.com\/katali\/wp-content\/uploads\/2014\/06\/MG_3988-150x150.jpg\" class=\"attachment-thumbnail size-thumbnail\" alt=\"\" decoding=\"async\" loading=\"lazy\" sizes=\"100vw\" \/><\/a>\n\t\t\t<\/div><\/figure><figure class='gallery-item'>\n\t\t\t<div class='gallery-icon landscape'>\n\t\t\t\t<a href='http:\/\/www.atoursdumonde.com\/katali\/le-bateau\/la-cuisine\/'><img width=\"150\" height=\"150\" src=\"http:\/\/www.atoursdumonde.com\/katali\/wp-content\/uploads\/2014\/06\/MG_3990-150x150.jpg\" class=\"attachment-thumbnail size-thumbnail\" alt=\"\" decoding=\"async\" loading=\"lazy\" sizes=\"100vw\" \/><\/a>\n\t\t\t<\/div><\/figure><figure class='gallery-item'>\n\t\t\t<div class='gallery-icon portrait'>\n\t\t\t\t<a href='http:\/\/www.atoursdumonde.com\/katali\/le-bateau\/cabine-arriere-babord\/'><img width=\"150\" height=\"150\" src=\"http:\/\/www.atoursdumonde.com\/katali\/wp-content\/uploads\/2014\/06\/MG_3992-150x150.jpg\" class=\"attachment-thumbnail size-thumbnail\" alt=\"\" decoding=\"async\" loading=\"lazy\" sizes=\"100vw\" \/><\/a>\n\t\t\t<\/div><\/figure><figure class='gallery-item'>\n\t\t\t<div class='gallery-icon portrait'>\n\t\t\t\t<a href='http:\/\/www.atoursdumonde.com\/katali\/le-bateau\/coursive-babord\/'><img width=\"150\" height=\"150\" src=\"http:\/\/www.atoursdumonde.com\/katali\/wp-content\/uploads\/2014\/06\/MG_3993-150x150.jpg\" class=\"attachment-thumbnail size-thumbnail\" alt=\"\" decoding=\"async\" loading=\"lazy\" sizes=\"100vw\" \/><\/a>\n\t\t\t<\/div><\/figure><figure class='gallery-item'>\n\t\t\t<div class='gallery-icon portrait'>\n\t\t\t\t<a href='http:\/\/www.atoursdumonde.com\/katali\/le-bateau\/cabine-arriere-tribord\/'><img width=\"150\" height=\"150\" src=\"http:\/\/www.atoursdumonde.com\/katali\/wp-content\/uploads\/2014\/06\/MG_3996-150x150.jpg\" class=\"attachment-thumbnail size-thumbnail\" alt=\"\" decoding=\"async\" loading=\"lazy\" sizes=\"100vw\" \/><\/a>\n\t\t\t<\/div><\/figure><figure class='gallery-item'>\n\t\t\t<div class='gallery-icon portrait'>\n\t\t\t\t<a href='http:\/\/www.atoursdumonde.com\/katali\/le-bateau\/coursive-tribord-2\/'><img width=\"150\" height=\"150\" src=\"http:\/\/www.atoursdumonde.com\/katali\/wp-content\/uploads\/2014\/06\/MG_3998-150x150.jpg\" class=\"attachment-thumbnail size-thumbnail\" alt=\"\" decoding=\"async\" loading=\"lazy\" sizes=\"100vw\" \/><\/a>\n\t\t\t<\/div><\/figure>\n\t\t<\/div>\n\n<p style=\"text-align: justify;\"><img decoding=\"async\" loading=\"lazy\" class=\"alignleft size-medium wp-image-543\" src=\"http:\/\/www.atoursdumonde.com\/katali\/wp-content\/uploads\/2014\/06\/Vue-lat-avec-Shivam-pour-l\u00e9chelle-300x168.jpg\" alt=\"Vue lat, avec Shivam pour l'\u00e9chelle\" width=\"300\" height=\"168\" srcset=\"http:\/\/www.atoursdumonde.com\/katali\/wp-content\/uploads\/2014\/06\/Vue-lat-avec-Shivam-pour-l\u00e9chelle-300x168.jpg 300w, http:\/\/www.atoursdumonde.com\/katali\/wp-content\/uploads\/2014\/06\/Vue-lat-avec-Shivam-pour-l\u00e9chelle.jpg 1024w\" sizes=\"(max-width: 300px) 100vw, 300px\" \/>Toujours est-il qu\u2019aujourd\u2019hui, 9 ans plus tard, il est bien \u00e0 nous ce Looping 50, sur\u00e9quip\u00e9 pour une vie de famille dans un confort honteux.<\/p>\n<p style=\"text-align: justify;\">Il est loin l\u2019\u00e9quipement minimaliste d\u2019Hildi. On se pr\u00e9lasse d\u00e9sormais sur 120m\u00b2 de surface au sol, une cascade d\u2019eau douce jaillissante \u00e0 200 litres par heure du dessalinisateur, \u00e9lectrifi\u00e9s par 1 Kilowatt de panneaux solaires, plongeant en autonome gr\u00e2ce \u00e0 notre compresseur, cuisinant sur un barbecue de dimensions australiennes, au son d\u2019une st\u00e9r\u00e9o digne d\u2019une discoth\u00e8que de Las Vegas, envoyant nos mails \u00e0 coups de t\u00e9l\u00e9phone satellite, le tout, \u00e0 12 n\u0153uds sur l\u2019oc\u00e9an, dans une stabilit\u00e9 permettant aux enfants de jouer au mikado sans crainte. Nous avons m\u00eame pouss\u00e9 le vice, ce coup-ci, jusqu\u2019\u00e0 installer une machine \u00e0 laver. Oui, j\u2019ai un peu honte de l\u2019\u00e9crire, une machine \u00e0 laver\u2026<\/p>\n<p style=\"text-align: justify;\"><a href=\"http:\/\/looping.luscher.free.fr\/\" target=\"_blank\"><img decoding=\"async\" loading=\"lazy\" class=\"size-medium wp-image-542 alignright\" src=\"http:\/\/www.atoursdumonde.com\/katali\/wp-content\/uploads\/2014\/06\/IMG_0143_1-300x168.jpg\" alt=\"IMG_0143_1\" width=\"300\" height=\"168\" srcset=\"http:\/\/www.atoursdumonde.com\/katali\/wp-content\/uploads\/2014\/06\/IMG_0143_1-300x168.jpg 300w, http:\/\/www.atoursdumonde.com\/katali\/wp-content\/uploads\/2014\/06\/IMG_0143_1.jpg 1024w\" sizes=\"(max-width: 300px) 100vw, 300px\" \/>Patrick Luscher<\/a>, l&rsquo;architecte de cette petite merveille, s&rsquo;est arrach\u00e9 les cheveux durant toute la construction, \u00e0 r\u00e9pondre \u00e0 nos questions de plus en plus cr\u00e9tines, et s&rsquo;arrache ce qui lui reste (de cheveux), en voyant la liste d&rsquo;\u00e9quipements que l&rsquo;on a pos\u00e9 \u00e0 bord, alourdissant un bateau dessin\u00e9 pour \u00eatre l\u00e9ger. Nous le remercions ici sinc\u00e8rement pour son ind\u00e9fectible soutien.<\/p>\n<p style=\"text-align: justify;\">Cela dit, sans rire, l\u2019exp\u00e9rience de nos deux pr\u00e9c\u00e9dents bateaux nous a permis de savoir ce qui \u00e9tait n\u00e9cessaire ou pas sur un bateau pour y vivre de vrais moments de bonheur en famille ou avec des amis, et \u00e9viter, au contraire, les gros moments gal\u00e8re.<\/p>\n<p style=\"text-align: justify;\">Au moment d\u2019\u00e9crire ce texte, encore \u00e0 quai \u00e0 Pondicherry, nous n\u2019avons fait que quatre sorties en mer, pendant lesquelles nous avons pu sentir le bateau monter tr\u00e8s vite \u00e0 12 n\u0153uds par vent calme, et voir avec bonheur nos \u00e9quipiers du jour (jusqu&rsquo;\u00e0 26 passagers !) se r\u00e9jouir de voir Pondich\u00e9ry depuis le large, de s&rsquo;ancrer pour une baignade devant la plage, de sauter sur les trampolines&#8230;<\/p>\n<p style=\"text-align: justify;\"><img decoding=\"async\" loading=\"lazy\" class=\"alignleft wp-image-549\" src=\"http:\/\/www.atoursdumonde.com\/katali\/wp-content\/uploads\/2014\/06\/Photo0159.jpg\" alt=\"Photo0159\" width=\"256\" height=\"192\" srcset=\"http:\/\/www.atoursdumonde.com\/katali\/wp-content\/uploads\/2014\/06\/Photo0159.jpg 1024w, http:\/\/www.atoursdumonde.com\/katali\/wp-content\/uploads\/2014\/06\/Photo0159-300x225.jpg 300w\" sizes=\"(max-width: 256px) 100vw, 256px\" \/><\/p>\n<p style=\"text-align: justify;\">Pour ceux que les d\u00e9tails int\u00e9ressent, Katali fait 15m20 de long, pour 8m de large, un tirant d&rsquo;eau de 1m20, et 9 tonnes en charge.<\/p>\n<p style=\"text-align: justify;\">Muni d&rsquo;une Grand Voile de 74m\u00b2, d&rsquo;un foc autovireur (super pratique) de 43m\u00b2, et d&rsquo;un gennaker de 76m\u00b2, il monte rapidement \u00e0 10\/12nd, et celui de Patrick (l&rsquo;architecte), est mont\u00e9 \u00e0 26nd.<\/p>\n<p style=\"text-align: justify;\">A bord, 4 cabines doubles et 2 salles de bain. Les cabines avant peuvent accueillir 2 personnes et un enfant (sur un petit lit mont\u00e9 en hauteur). Cela nous permet de mettre toute la famille dans une coque pour lib\u00e9rer l&rsquo;autre coque pour une autre famille.<\/p>\n<p style=\"text-align: justify;\">Toutes les man\u0153uvres (ou presque) reviennent au poste de barre, pour pouvoir \u00eatre ais\u00e9ment men\u00e9 tout seul. Ris, drisses (sur winch \u00e9lectrique), guindeau, \u00e9coutes, pilote automatique, VHF, cartes \u00e9lectroniques, tout est sous la main, et la vie peut continuer pour tous durant les man\u0153uvres.<\/p>\n<p style=\"text-align: justify;\"><a href=\"http:\/\/www.atoursdumonde.com\/katali\/wp-content\/uploads\/2014\/06\/katali_voiles.jpg\"><img decoding=\"async\" loading=\"lazy\" class=\"size-full wp-image-650 alignright\" src=\"http:\/\/www.atoursdumonde.com\/katali\/wp-content\/uploads\/2014\/06\/katali_voiles.jpg\" alt=\"katali_voiles\" width=\"300\" height=\"212\" \/><\/a>Le confort de vie a \u00e9t\u00e9 soign\u00e9 \u00e9galement, avec des emm\u00e9nagements modulaires permettant de transformer une table propice aux devoirs des enfants, \u00e0 une table basse d&rsquo;ap\u00e9ritif avec canap\u00e9 grande assise, ou la table ext\u00e9rieure en v\u00e9ritable lit de massage .<\/p>\n<p style=\"text-align: justify;\">Du filet tout autour du bateau permet de vivre sans crainte que le petit dernier passe par dessus bord \u00e0 la moindre vague. 2 Kayaks, un stand up paddle, kite-surf, compresseur et \u00e9quipements complets de plong\u00e9e adultes et enfants, masques, palmes, tubas, bodyboards, annexe avec moteur de 20CV&#8230; de nombreux jouets pour profiter du temps au mouillage.<\/p>\n<p style=\"text-align: justify;\">Bref, nous avons tent\u00e9 de faire de Katali le bateau id\u00e9al pour nous. A la fois tr\u00e8s complet dans son \u00e9quipement, confortable et beau, rapide et s\u00fbr.<\/p>\n","protected":false},"excerpt":{"rendered":"<p>Quand est n\u00e9 KATALI\u00a0? Le 15 Avril 2014, le jour de sa mise \u00e0 l&rsquo;eau ? En D\u00e9cembre 2010, la pose du premier gabarit\u00a0? En Mai 2010, lors de la premi\u00e8re visite de prise de contact avec le chantier\u00a0? En Mars 2010, lorsque nous avons vendu Hildi, notre premier bateau\u00a0? Ou plut\u00f4t en Juin 2005, &hellip; <\/p>\n<p class=\"link-more\"><a href=\"http:\/\/www.atoursdumonde.com\/katali\/le-bateau\/\" class=\"more-link\">Continuer la lecture<span class=\"screen-reader-text\"> de &laquo;&nbsp;Le bateau&nbsp;&raquo;<\/span><\/a><\/p>\n","protected":false},"author":1,"featured_media":0,"parent":0,"menu_order":0,"comment_status":"closed","ping_status":"closed","template":"","meta":{"_links_to":"","_links_to_target":""},"_links":{"self":[{"href":"http:\/\/www.atoursdumonde.com\/katali\/wp-json\/wp\/v2\/pages\/26"}],"collection":[{"href":"http:\/\/www.atoursdumonde.com\/katali\/wp-json\/wp\/v2\/pages"}],"about":[{"href":"http:\/\/www.atoursdumonde.com\/katali\/wp-json\/wp\/v2\/types\/page"}],"author":[{"embeddable":true,"href":"http:\/\/www.atoursdumonde.com\/katali\/wp-json\/wp\/v2\/users\/1"}],"replies":[{"embeddable":true,"href":"http:\/\/www.atoursdumonde.com\/katali\/wp-json\/wp\/v2\/comments?post=26"}],"version-history":[{"count":27,"href":"http:\/\/www.atoursdumonde.com\/katali\/wp-json\/wp\/v2\/pages\/26\/revisions"}],"predecessor-version":[{"id":2715,"href":"http:\/\/www.atoursdumonde.com\/katali\/wp-json\/wp\/v2\/pages\/26\/revisions\/2715"}],"wp:attachment":[{"href":"http:\/\/www.atoursdumonde.com\/katali\/wp-json\/wp\/v2\/media?parent=26"}],"curies":[{"name":"wp","href":"https:\/\/api.w.org\/{rel}","templated":true}]}}