{"id":2,"date":"2014-06-02T18:08:56","date_gmt":"2014-06-02T17:08:56","guid":{"rendered":"http:\/\/www.atoursdumonde.com\/katali\/?page_id=2"},"modified":"2014-07-14T19:07:10","modified_gmt":"2014-07-14T18:07:10","slug":"equipage","status":"publish","type":"page","link":"http:\/\/www.atoursdumonde.com\/katali\/equipage\/","title":{"rendered":"L&rsquo;\u00e9quipage"},"content":{"rendered":"<p><strong>EQUIPAGE<\/strong><\/p>\n<p>11 ans\u00a0! 11 ans que nous vivons sur l\u2019eau, pour notre plus grand bonheur. Et en 11 ans (et 3 bateaux), sans doute gr\u00e2ce \u00e0 cet \u00e9l\u00e9ment liquide qui nous entoure, aucun signe de vieillissement. Pas un cheveu blanc (ou si peu), pas un bourrelet en plus (ou si peu), pas de rhumatisme en cas de temps humide (ou si peu), et les rares rides en plus, au coin des yeux, t\u00e9moignent des rivages ensoleill\u00e9s et des mers \u00e9tincelantes que nous avons observ\u00e9s si souvent.<\/p>\n<p>En revanche, on ne parvient pas \u00e0 catalyser la pompe \u00e0 marmots\u00a0! En 11 ans, 3 petits mousses ont rejoint le bord, afin, aujourd\u2019hui, de palier les muscles d\u00e9faillants des (tout de m\u00eame) plus si jeunes capitaines.<\/p>\n<p>A bord de KATALI se trouvent donc aujourd\u2019hui\u00a0:<\/p>\n<p><a href=\"http:\/\/www.atoursdumonde.com\/katali\/wp-content\/uploads\/2014\/06\/equipage_mael1.png\"><img decoding=\"async\" loading=\"lazy\" class=\"alignleft size-full wp-image-526\" src=\"http:\/\/www.atoursdumonde.com\/katali\/wp-content\/uploads\/2014\/06\/equipage_mael1.png\" alt=\"equipage_mael\" width=\"300\" height=\"300\" srcset=\"http:\/\/www.atoursdumonde.com\/katali\/wp-content\/uploads\/2014\/06\/equipage_mael1.png 300w, http:\/\/www.atoursdumonde.com\/katali\/wp-content\/uploads\/2014\/06\/equipage_mael1-150x150.png 150w\" sizes=\"(max-width: 300px) 100vw, 300px\" \/><\/a><\/p>\n<p>&nbsp;<\/p>\n<p>&nbsp;<\/p>\n<p style=\"text-align: right;\"><strong>MAEL\u00a0<\/strong>: Le dernier mont\u00e9 \u00e0 bord, \u00e0 Panama en 2011, lors d\u2019une escale prolong\u00e9e. A 2 mois, il traversait le Pacifique, \u00e0 1 an, il \u00e9cumait le bush Australien, et \u00e0 2, il se promenait dans la fournaise Indienne. Malgr\u00e9 sa petite taille, c\u2019est le plus tonique de la famille, dont nous esp\u00e9rons que l\u2019\u00e9nergie d\u00e9pens\u00e9e \u00e0 couper des t\u00eates imaginaire \u00ab\u00a0Shling, Crac, coupe la t\u00eate \u00e0 toi\u00a0\u00bb sera avantageusement report\u00e9e sur le moulinage de winch.<\/p>\n<p>&nbsp;<\/p>\n<p>&nbsp;<\/p>\n<p>&nbsp;<\/p>\n<p><a href=\"http:\/\/www.atoursdumonde.com\/katali\/wp-content\/uploads\/2014\/06\/equipage_timeo2.png\"><img decoding=\"async\" loading=\"lazy\" class=\"size-full wp-image-528 alignright\" src=\"http:\/\/www.atoursdumonde.com\/katali\/wp-content\/uploads\/2014\/06\/equipage_timeo2.png\" alt=\"equipage_timeo2\" width=\"300\" height=\"293\" \/><\/a><\/p>\n<p>&nbsp;<\/p>\n<p>&nbsp;<\/p>\n<p>&nbsp;<\/p>\n<p>&nbsp;<\/p>\n<p>&nbsp;<\/p>\n<p><strong>TIMEO\u00a0<\/strong>: Ce r\u00eaveur Tahitien, n\u00e9 en 2008, qui a appris \u00e0 nager au milieu des requins du lagon de Fakarava, est sur la mer comme un poisson dans&#8230; ben, la mer. 2 ans de piscine \u00e0 Pondicherry l\u2019ont laiss\u00e9 sur sa faim, et il est tr\u00e8s content de retrouver son \u00e9l\u00e9ment sal\u00e9.<\/p>\n<p>&nbsp;<\/p>\n<p>&nbsp;<\/p>\n<p>&nbsp;<\/p>\n<p>&nbsp;<\/p>\n<p style=\"text-align: right;\"><img decoding=\"async\" loading=\"lazy\" class=\"alignleft size-full wp-image-522\" src=\"http:\/\/www.atoursdumonde.com\/katali\/wp-content\/uploads\/2014\/06\/equipage_lola.png\" alt=\"equipage_lola\" width=\"300\" height=\"300\" srcset=\"http:\/\/www.atoursdumonde.com\/katali\/wp-content\/uploads\/2014\/06\/equipage_lola.png 300w, http:\/\/www.atoursdumonde.com\/katali\/wp-content\/uploads\/2014\/06\/equipage_lola-150x150.png 150w\" sizes=\"(max-width: 300px) 100vw, 300px\" \/><\/p>\n<p style=\"text-align: right;\"><strong>LOLA\u00a0<\/strong>: N\u00e9e en 2006, Lola a pass\u00e9 les 6 premi\u00e8res ann\u00e9es de sa vie sur la mer. 2 ann\u00e9es terrestres n\u2019ont pas suffi \u00e0 lui faire perdre le go\u00fbt de la vie marine. Triste de quitter ses copines Pondich\u00e9riennes, elle pense d\u00e9j\u00e0 \u00e0 celles qu\u2019elle retrouvera sur l\u2019autre rive du Golfe du Bengale.<\/p>\n<p>&nbsp;<\/p>\n<p>&nbsp;<\/p>\n<p>&nbsp;<\/p>\n<p>&nbsp;<\/p>\n<p>&nbsp;<\/p>\n<p><img decoding=\"async\" loading=\"lazy\" class=\"size-full wp-image-530 alignright\" src=\"http:\/\/www.atoursdumonde.com\/katali\/wp-content\/uploads\/2014\/07\/equipage_soizic22.jpg\" alt=\"equipage_soizic2\" width=\"300\" height=\"300\" \/><\/p>\n<p>&nbsp;<\/p>\n<p>&nbsp;<\/p>\n<p><strong>SOIZIC\u00a0<\/strong>: Inlassable Maman \u00e9quipi\u00e8re, Soizic, 38 ans, a facilement pris possession de son nouveau bateau (le troisi\u00e8me d\u00e9j\u00e0). La Bretagne qui coule dans ses veines et 11 ans de vie en mer ont endurci son caract\u00e8re, et finement ridul\u00e9 les plis de ses yeux. Les difficult\u00e9s de ces deux ann\u00e9es pass\u00e9es \u00e0 Pondicherry n\u2019ont pas entam\u00e9 son envie de reprendre la mer, au contraire\u00a0! Capable de pr\u00e9parer une pur\u00e9e de potiron de la main droite, en bordant l\u2019\u00e9coute de Grand voile de la gauche, tout en corrigeant les devoirs de Lola du pied droit, et en brossant les dents de Mael du gauche, elle profite de ses moments de repos pour pratiquer le massage Thai traditionnel, appris en Inde.<\/p>\n<p><img decoding=\"async\" loading=\"lazy\" class=\"wp-image-524 size-full alignleft\" src=\"http:\/\/www.atoursdumonde.com\/katali\/wp-content\/uploads\/2014\/06\/equipage_matthieu.png\" alt=\"equipage_matthieu\" width=\"300\" height=\"300\" srcset=\"http:\/\/www.atoursdumonde.com\/katali\/wp-content\/uploads\/2014\/06\/equipage_matthieu.png 300w, http:\/\/www.atoursdumonde.com\/katali\/wp-content\/uploads\/2014\/06\/equipage_matthieu-150x150.png 150w\" sizes=\"(max-width: 300px) 100vw, 300px\" \/><\/p>\n<p>&nbsp;<\/p>\n<p>&nbsp;<\/p>\n<p>&nbsp;<\/p>\n<p style=\"text-align: right;\"><strong>MATTHIEU\u00a0<\/strong>: 40 ans, enfin \u00e0 nouveau aux commandes d\u2019un truc qui flotte. 2 ann\u00e9es \u00e0 g\u00e9rer des probl\u00e8mes de maison (plomberie qui fuit, panne \u00e9lectrique, r\u00e9servoir d\u2019eau \u00e0 vide) lui ont permis de ne pas perdre la main, mais le suivi au quotidien du chantier l\u2019a bien us\u00e9. Vivement une vie faite de plong\u00e9e (Matthieu est divemaster PADI), de d\u00e9couvertes, de plages d\u00e9sertes, de vie sereine en famille, et quand m\u00eame, d\u2019un peu de plomberie qui fuit, de pannes \u00e9lectriques, et de r\u00e9servoir d\u2019eau \u00e0 vide\u2026).<\/p>\n","protected":false},"excerpt":{"rendered":"<p>EQUIPAGE 11 ans\u00a0! 11 ans que nous vivons sur l\u2019eau, pour notre plus grand bonheur. Et en 11 ans (et 3 bateaux), sans doute gr\u00e2ce \u00e0 cet \u00e9l\u00e9ment liquide qui nous entoure, aucun signe de vieillissement. Pas un cheveu blanc (ou si peu), pas un bourrelet en plus (ou si peu), pas de rhumatisme en &hellip; <\/p>\n<p class=\"link-more\"><a href=\"http:\/\/www.atoursdumonde.com\/katali\/equipage\/\" class=\"more-link\">Continuer la lecture<span class=\"screen-reader-text\"> de &laquo;&nbsp;L&rsquo;\u00e9quipage&nbsp;&raquo;<\/span><\/a><\/p>\n","protected":false},"author":1,"featured_media":0,"parent":0,"menu_order":0,"comment_status":"closed","ping_status":"closed","template":"","meta":{"_links_to":"","_links_to_target":""},"_links":{"self":[{"href":"http:\/\/www.atoursdumonde.com\/katali\/wp-json\/wp\/v2\/pages\/2"}],"collection":[{"href":"http:\/\/www.atoursdumonde.com\/katali\/wp-json\/wp\/v2\/pages"}],"about":[{"href":"http:\/\/www.atoursdumonde.com\/katali\/wp-json\/wp\/v2\/types\/page"}],"author":[{"embeddable":true,"href":"http:\/\/www.atoursdumonde.com\/katali\/wp-json\/wp\/v2\/users\/1"}],"replies":[{"embeddable":true,"href":"http:\/\/www.atoursdumonde.com\/katali\/wp-json\/wp\/v2\/comments?post=2"}],"version-history":[{"count":24,"href":"http:\/\/www.atoursdumonde.com\/katali\/wp-json\/wp\/v2\/pages\/2\/revisions"}],"predecessor-version":[{"id":664,"href":"http:\/\/www.atoursdumonde.com\/katali\/wp-json\/wp\/v2\/pages\/2\/revisions\/664"}],"wp:attachment":[{"href":"http:\/\/www.atoursdumonde.com\/katali\/wp-json\/wp\/v2\/media?parent=2"}],"curies":[{"name":"wp","href":"https:\/\/api.w.org\/{rel}","templated":true}]}}